{"id":24929,"date":"2024-08-27T23:21:29","date_gmt":"2024-08-27T20:21:29","guid":{"rendered":"https:\/\/saglikdanisma.net\/dr\/?page_id=24929"},"modified":"2024-08-27T23:21:29","modified_gmt":"2024-08-27T20:21:29","slug":"randevu","status":"publish","type":"page","link":"https:\/\/saglikdanisma.net\/fatih\/randevu\/","title":{"rendered":"Randevu"},"content":{"rendered":"<p>Tuzla Devlet Hastanesi GETAT (Geleneksel ve Tamamlay\u0131c\u0131 T\u0131p) Poliklini\u011fi&#8217;nde hizmet vermekteyim.<\/p>\n<p>Randevular\u0131m\u0131z <a href=\"https:\/\/mhrs.gov.tr\/vatandas\/?\/Randevu\">MHRS sistemi<\/a> \u00fczerinden a\u00e7\u0131lm\u0131\u015ft\u0131r.<\/p>\n<p><iframe loading=\"lazy\" style=\"border: 0;\" src=\"https:\/\/www.google.com\/maps\/embed?pb=!1m18!1m12!1m3!1d30059.31376228534!2d29.307699200000002!3d40.838758399999996!2m3!1f0!2f0!3f0!3m2!1i1024!2i768!4f13.1!3m3!1m2!1s0x14cadd30c304c3bd%3A0xf60e2548bb7bbb48!2sDr%20Fatih%20Hakan%20%C3%87AM!5e1!3m2!1str!2str!4v1725609917659!5m2!1str!2str\" width=\"600\" height=\"450\" allowfullscreen=\"allowfullscreen\"><\/iframe>[\/one_half_last]<\/p>\n","protected":false},"excerpt":{"rendered":"<p>Tuzla Devlet Hastanesi GETAT (Geleneksel ve Tamamlay\u0131c\u0131 T\u0131p) Poliklini\u011fi&#8217;nde hizmet vermekteyim. Randevular\u0131m\u0131z MHRS sistemi \u00fczerinden a\u00e7\u0131lm\u0131\u015ft\u0131r. [\/one_half_last]<\/p>\n","protected":false},"author":2,"featured_media":0,"parent":0,"menu_order":0,"comment_status":"closed","ping_status":"closed","template":"","meta":{"footnotes":""},"class_list":["post-24929","page","type-page","status-publish","hentry"],"yoast_head":"<!-- This site is optimized with the Yoast SEO plugin v27.6 - https:\/\/yoast.com\/product\/yoast-seo-wordpress\/ -->\n<title>Randevu - Tuzla Akupunktur &amp; Medikal Estetik<\/title>\n<meta name=\"robots\" content=\"index, follow, max-snippet:-1, max-image-preview:large, max-video-preview:-1\" \/>\n<link rel=\"canonical\" href=\"https:\/\/saglikdanisma.net\/fatih\/randevu\/\" \/>\n<meta property=\"og:locale\" content=\"tr_TR\" \/>\n<meta property=\"og:type\" content=\"article\" \/>\n<meta property=\"og:title\" content=\"Randevu - Tuzla Akupunktur &amp; Medikal Estetik\" \/>\n<meta property=\"og:description\" content=\"Tuzla Devlet Hastanesi GETAT (Geleneksel ve Tamamlay\u0131c\u0131 T\u0131p) Poliklini\u011fi&#8217;nde hizmet vermekteyim. Randevular\u0131m\u0131z MHRS sistemi \u00fczerinden a\u00e7\u0131lm\u0131\u015ft\u0131r. [\/one_half_last]\" \/>\n<meta property=\"og:url\" content=\"https:\/\/saglikdanisma.net\/fatih\/randevu\/\" \/>\n<meta property=\"og:site_name\" content=\"Tuzla Akupunktur &amp; Medikal Estetik\" \/>\n<meta property=\"og:image\" content=\"https:\/\/saglikdanisma.net\/fatih\/wp-content\/uploads\/2026\/04\/logofhcam.png\" \/>\n\t<meta property=\"og:image:width\" content=\"450\" \/>\n\t<meta property=\"og:image:height\" content=\"200\" \/>\n\t<meta property=\"og:image:type\" content=\"image\/png\" \/>\n<meta name=\"twitter:card\" content=\"summary_large_image\" \/>\n<meta name=\"twitter:label1\" content=\"Tahmini okuma s\u00fcresi\" \/>\n\t<meta name=\"twitter:data1\" content=\"1 dakika\" \/>\n<script type=\"application\/ld+json\" class=\"yoast-schema-graph\">{\"@context\":\"https:\\\/\\\/schema.org\",\"@graph\":[{\"@type\":\"WebPage\",\"@id\":\"https:\\\/\\\/saglikdanisma.net\\\/fatih\\\/randevu\\\/\",\"url\":\"https:\\\/\\\/saglikdanisma.net\\\/fatih\\\/randevu\\\/\",\"name\":\"Randevu - Tuzla Akupunktur &amp; Medikal Estetik\",\"isPartOf\":{\"@id\":\"https:\\\/\\\/saglikdanisma.net\\\/fatih\\\/#website\"},\"datePublished\":\"2024-08-27T20:21:29+00:00\",\"breadcrumb\":{\"@id\":\"https:\\\/\\\/saglikdanisma.net\\\/fatih\\\/randevu\\\/#breadcrumb\"},\"inLanguage\":\"tr\",\"potentialAction\":[{\"@type\":\"ReadAction\",\"target\":[\"https:\\\/\\\/saglikdanisma.net\\\/fatih\\\/randevu\\\/\"]}]},{\"@type\":\"BreadcrumbList\",\"@id\":\"https:\\\/\\\/saglikdanisma.net\\\/fatih\\\/randevu\\\/#breadcrumb\",\"itemListElement\":[{\"@type\":\"ListItem\",\"position\":1,\"name\":\"Anasayfa\",\"item\":\"https:\\\/\\\/saglikdanisma.net\\\/fatih\\\/\"},{\"@type\":\"ListItem\",\"position\":2,\"name\":\"Randevu\"}]},{\"@type\":\"WebSite\",\"@id\":\"https:\\\/\\\/saglikdanisma.net\\\/fatih\\\/#website\",\"url\":\"https:\\\/\\\/saglikdanisma.net\\\/fatih\\\/\",\"name\":\"Tuzla Akupunktur & Medikal Estetik\",\"description\":\"Dr Fatih Hakan \u00c7AM\",\"publisher\":{\"@id\":\"https:\\\/\\\/saglikdanisma.net\\\/fatih\\\/#\\\/schema\\\/person\\\/38a748bd99c09d6abeb2e88ec2ca33fa\"},\"alternateName\":\"Dr Fatih Hakan \u00c7AM\",\"potentialAction\":[{\"@type\":\"SearchAction\",\"target\":{\"@type\":\"EntryPoint\",\"urlTemplate\":\"https:\\\/\\\/saglikdanisma.net\\\/fatih\\\/?s={search_term_string}\"},\"query-input\":{\"@type\":\"PropertyValueSpecification\",\"valueRequired\":true,\"valueName\":\"search_term_string\"}}],\"inLanguage\":\"tr\"},{\"@type\":[\"Person\",\"Organization\"],\"@id\":\"https:\\\/\\\/saglikdanisma.net\\\/fatih\\\/#\\\/schema\\\/person\\\/38a748bd99c09d6abeb2e88ec2ca33fa\",\"name\":\"Dr Fatih\",\"image\":{\"@type\":\"ImageObject\",\"inLanguage\":\"tr\",\"@id\":\"https:\\\/\\\/saglikdanisma.net\\\/fatih\\\/wp-content\\\/uploads\\\/2026\\\/04\\\/logofhcam.png\",\"url\":\"https:\\\/\\\/saglikdanisma.net\\\/fatih\\\/wp-content\\\/uploads\\\/2026\\\/04\\\/logofhcam.png\",\"contentUrl\":\"https:\\\/\\\/saglikdanisma.net\\\/fatih\\\/wp-content\\\/uploads\\\/2026\\\/04\\\/logofhcam.png\",\"width\":450,\"height\":200,\"caption\":\"Dr Fatih\"},\"logo\":{\"@id\":\"https:\\\/\\\/saglikdanisma.net\\\/fatih\\\/wp-content\\\/uploads\\\/2026\\\/04\\\/logofhcam.png\"}}]}<\/script>\n<!-- \/ Yoast SEO plugin. -->","yoast_head_json":{"title":"Randevu - Tuzla Akupunktur &amp; Medikal Estetik","robots":{"index":"index","follow":"follow","max-snippet":"max-snippet:-1","max-image-preview":"max-image-preview:large","max-video-preview":"max-video-preview:-1"},"canonical":"https:\/\/saglikdanisma.net\/fatih\/randevu\/","og_locale":"tr_TR","og_type":"article","og_title":"Randevu - Tuzla Akupunktur &amp; Medikal Estetik","og_description":"Tuzla Devlet Hastanesi GETAT (Geleneksel ve Tamamlay\u0131c\u0131 T\u0131p) Poliklini\u011fi&#8217;nde hizmet vermekteyim. Randevular\u0131m\u0131z MHRS sistemi \u00fczerinden a\u00e7\u0131lm\u0131\u015ft\u0131r. [\/one_half_last]","og_url":"https:\/\/saglikdanisma.net\/fatih\/randevu\/","og_site_name":"Tuzla Akupunktur &amp; Medikal Estetik","og_image":[{"width":450,"height":200,"url":"https:\/\/saglikdanisma.net\/fatih\/wp-content\/uploads\/2026\/04\/logofhcam.png","type":"image\/png"}],"twitter_card":"summary_large_image","twitter_misc":{"Tahmini okuma s\u00fcresi":"1 dakika"},"schema":{"@context":"https:\/\/schema.org","@graph":[{"@type":"WebPage","@id":"https:\/\/saglikdanisma.net\/fatih\/randevu\/","url":"https:\/\/saglikdanisma.net\/fatih\/randevu\/","name":"Randevu - Tuzla Akupunktur &amp; Medikal Estetik","isPartOf":{"@id":"https:\/\/saglikdanisma.net\/fatih\/#website"},"datePublished":"2024-08-27T20:21:29+00:00","breadcrumb":{"@id":"https:\/\/saglikdanisma.net\/fatih\/randevu\/#breadcrumb"},"inLanguage":"tr","potentialAction":[{"@type":"ReadAction","target":["https:\/\/saglikdanisma.net\/fatih\/randevu\/"]}]},{"@type":"BreadcrumbList","@id":"https:\/\/saglikdanisma.net\/fatih\/randevu\/#breadcrumb","itemListElement":[{"@type":"ListItem","position":1,"name":"Anasayfa","item":"https:\/\/saglikdanisma.net\/fatih\/"},{"@type":"ListItem","position":2,"name":"Randevu"}]},{"@type":"WebSite","@id":"https:\/\/saglikdanisma.net\/fatih\/#website","url":"https:\/\/saglikdanisma.net\/fatih\/","name":"Tuzla Akupunktur & Medikal Estetik","description":"Dr Fatih Hakan \u00c7AM","publisher":{"@id":"https:\/\/saglikdanisma.net\/fatih\/#\/schema\/person\/38a748bd99c09d6abeb2e88ec2ca33fa"},"alternateName":"Dr Fatih Hakan \u00c7AM","potentialAction":[{"@type":"SearchAction","target":{"@type":"EntryPoint","urlTemplate":"https:\/\/saglikdanisma.net\/fatih\/?s={search_term_string}"},"query-input":{"@type":"PropertyValueSpecification","valueRequired":true,"valueName":"search_term_string"}}],"inLanguage":"tr"},{"@type":["Person","Organization"],"@id":"https:\/\/saglikdanisma.net\/fatih\/#\/schema\/person\/38a748bd99c09d6abeb2e88ec2ca33fa","name":"Dr Fatih","image":{"@type":"ImageObject","inLanguage":"tr","@id":"https:\/\/saglikdanisma.net\/fatih\/wp-content\/uploads\/2026\/04\/logofhcam.png","url":"https:\/\/saglikdanisma.net\/fatih\/wp-content\/uploads\/2026\/04\/logofhcam.png","contentUrl":"https:\/\/saglikdanisma.net\/fatih\/wp-content\/uploads\/2026\/04\/logofhcam.png","width":450,"height":200,"caption":"Dr Fatih"},"logo":{"@id":"https:\/\/saglikdanisma.net\/fatih\/wp-content\/uploads\/2026\/04\/logofhcam.png"}}]}},"_links":{"self":[{"href":"https:\/\/saglikdanisma.net\/fatih\/wp-json\/wp\/v2\/pages\/24929","targetHints":{"allow":["GET"]}}],"collection":[{"href":"https:\/\/saglikdanisma.net\/fatih\/wp-json\/wp\/v2\/pages"}],"about":[{"href":"https:\/\/saglikdanisma.net\/fatih\/wp-json\/wp\/v2\/types\/page"}],"author":[{"embeddable":true,"href":"https:\/\/saglikdanisma.net\/fatih\/wp-json\/wp\/v2\/users\/2"}],"replies":[{"embeddable":true,"href":"https:\/\/saglikdanisma.net\/fatih\/wp-json\/wp\/v2\/comments?post=24929"}],"version-history":[{"count":0,"href":"https:\/\/saglikdanisma.net\/fatih\/wp-json\/wp\/v2\/pages\/24929\/revisions"}],"wp:attachment":[{"href":"https:\/\/saglikdanisma.net\/fatih\/wp-json\/wp\/v2\/media?parent=24929"}],"curies":[{"name":"wp","href":"https:\/\/api.w.org\/{rel}","templated":true}]}}